{"id":80,"date":"2022-04-17T23:52:50","date_gmt":"2022-04-17T21:52:50","guid":{"rendered":"http:\/\/wallwaveresearch.com\/?page_id=80"},"modified":"2022-04-19T09:32:00","modified_gmt":"2022-04-19T07:32:00","slug":"mentions-legales","status":"publish","type":"page","link":"https:\/\/wallwaveresearch.com\/index.php\/mentions-legales\/","title":{"rendered":"Mentions l\u00e9gales"},"content":{"rendered":"\n<p><strong>\u00c9dition du site Internet<\/strong><\/p>\n\n\n\n<p>Le site wallwaveresearch.com (ci-apr\u00e8s \u00ab&nbsp;le Site&nbsp;\u00bb), accessible \u00e0 l\u2019adresse https:\/\/wallwaveresearch.com est \u00e9dit\u00e9 par  (ci-apr\u00e8s \u00ab&nbsp;l\u2019Editeur&nbsp;\u00bb), dont l\u2019entreprise est situ\u00e9e 3 Av. Louis de Broglie, 33600 Pessac, France (contact@wallwaveresearch.com).<\/p>\n\n\n\n<p>SAS Wall Waves Research<br>Siren : 910 930 122 00015<\/p>\n\n\n\n<p><strong>R\u00e9daction du site Internet<\/strong><\/p>\n\n\n\n<p>Directrice de la publication : Louise Malassigne<\/p>\n\n\n\n<p>Contact : contact@wallwaveresearch.com<\/p>\n\n\n\n<p><strong>H\u00e9bergeur du site Internet<\/strong><\/p>\n\n\n\n<p>Le site wallwaveresearch.com est h\u00e9berg\u00e9 par OVH, SAS au capital de 10 069 020 \u20ac euros, dont le si\u00e8ge social est situ\u00e9 &nbsp;2 rue Kellermann \u2013 59100 Roubaix \u2013 France, joignable par le moyen suivant :&nbsp;<a>+33 9 72 10 10 07<\/a>.<\/p>\n\n\n\n<p><strong>Respect de la propri\u00e9t\u00e9 intellectuelle<\/strong><\/p>\n\n\n\n<p>Toutes les marques, photographies, textes, commentaires, illustrations, images anim\u00e9es ou non, s\u00e9quences vid\u00e9o, sons, ainsi que toutes les applications informatiques qui pourraient \u00eatre utilis\u00e9es pour faire fonctionner le Site et plus g\u00e9n\u00e9ralement tous les \u00e9l\u00e9ments reproduits ou utilis\u00e9s sur le Site sont prot\u00e9g\u00e9s par les lois en vigueur au titre de la propri\u00e9t\u00e9 intellectuelle.<\/p>\n\n\n\n<p>Ils sont la propri\u00e9t\u00e9 pleine et enti\u00e8re de l\u2019Editeur ou de ses partenaires, sauf mentions particuli\u00e8res. Toute reproduction, repr\u00e9sentation, utilisation ou adaptation, sous quelque forme que ce soit, de tout ou partie de ces \u00e9l\u00e9ments, y compris les applications informatiques, sans l\u2019accord pr\u00e9alable et \u00e9crit de l\u2019Editeur, sont strictement interdites. Le fait pour l\u2019Editeur de ne pas engager de proc\u00e9dure d\u00e8s la prise de connaissance de ces utilisations non autoris\u00e9es ne vaut pas acceptation desdites utilisations et renonciations aux poursuites.<\/p>\n\n\n\n<p>La reprise de tout ou partie de ce contenu n\u00e9cessite l\u2019autorisation pr\u00e9alable de l\u2019Editeur ou du titulaire des droits sur ce contenu.<\/p>\n\n\n\n<p><strong>Liens hypertextes<\/strong><\/p>\n\n\n\n<p>Le Site peut contenir des liens hypertexte donnant acc\u00e8s \u00e0 d\u2019autres sites web \u00e9dit\u00e9s et g\u00e9r\u00e9s par des tiers et non par l\u2019Editeur. L\u2019Editeur ne pourra \u00eatre tenu responsable directement ou indirectement dans le cas o\u00f9 lesdits sites tiers ne respecteraient pas les dispositions l\u00e9gales.<\/p>\n\n\n\n<hr class=\"wp-block-separator\"\/>\n\n\n\n<h2 class=\"wp-block-heading\">Legal Notice<\/h2>\n\n\n\n<p><strong>Edition of the website<\/strong><\/p>\n\n\n\n<p>The wallwaveresearch.com website (hereinafter \u00ab\u00a0the Website\u00a0\u00bb), accessible at https:\/\/wallwaveresearch.com is edited by  (hereinafter \u00ab\u00a0the Publisher\u00a0\u00bb), whose company is located at 3 Av. Louis de Broglie, 33600 Pessac, France, contact@wallwaveresearch.com).<\/p>\n\n\n\n<p>SAS Wall Waves Research<br>Siren : 910 930 122 00015<\/p>\n\n\n\n<p><strong>Website writing<\/strong><\/p>\n\n\n\n<p>Director of the publication: Louise Malassigne<\/p>\n\n\n\n<p>Contact : contact@wallwaveresearch.com<\/p>\n\n\n\n<p><strong>Website host<\/strong><\/p>\n\n\n\n<p>The wallwaveresearch.com website is hosted by OVH, SAS with a capital of \u20ac10,069,020, whose head office is located at 2 rue Kellermann \u2013 59100 Roubaix \u2013 France, and can be reached at the following number: +33 9 72 10 07.<\/p>\n\n\n\n<p><strong>Respect for intellectual property<\/strong><\/p>\n\n\n\n<p>All trademarks, photographs, texts, comments, illustrations, images, animated or not, video sequences, sounds, as well as all computer applications that could be used to operate the Site and more generally all elements reproduced or used on the Site are protected by the laws in force under intellectual property.<\/p>\n\n\n\n<p>They are the full and entire property of the Editor or its partners, except particular mentions. Any reproduction, representation, use or adaptation, in any form whatsoever, of all or part of these elements, including computer applications, without the prior written consent of the Publisher, is strictly prohibited. The fact that the Editor does not initiate proceedings as soon as he becomes aware of these unauthorized uses does not mean that he accepts the said uses and waives any legal proceedings.<\/p>\n\n\n\n<p>The resumption of all or part of this content requires the prior authorization of the Editor or the holder of the rights on this content.<\/p>\n\n\n\n<p><strong>Hypertext links<\/strong><\/p>\n\n\n\n<p>The Site may contain hypertext links giving access to other websites published and managed by third parties and not by the Editor. The Editor cannot be held responsible directly or indirectly in the case where the aforementioned third party sites would not respect the legal provisions.<\/p>\n","protected":false},"excerpt":{"rendered":"<p>\u00c9dition du site Internet Le site wallwaveresearch.com (ci-apr\u00e8s \u00ab&nbsp;le Site&nbsp;\u00bb), accessible \u00e0 l\u2019adresse https:\/\/wallwaveresearch.com est \u00e9dit\u00e9 par (ci-apr\u00e8s \u00ab&nbsp;l\u2019Editeur&nbsp;\u00bb), dont l\u2019entreprise est situ\u00e9e 3 Av. Louis de Broglie, 33600 Pessac, France (contact@wallwaveresearch.com). SAS Wall Waves ResearchSiren : 910 930 122 00015 R\u00e9daction du site Internet Directrice de la publication : Louise Malassigne Contact : contact@wallwaveresearch.com &hellip;<\/p>\n<p class=\"read-more\"> <a class=\"\" href=\"https:\/\/wallwaveresearch.com\/index.php\/mentions-legales\/\"> <span class=\"screen-reader-text\">Mentions l\u00e9gales<\/span> Lire la suite\u00a0\u00bb<\/a><\/p>\n","protected":false},"author":1,"featured_media":0,"parent":0,"menu_order":0,"comment_status":"closed","ping_status":"closed","template":"","meta":{"site-sidebar-layout":"default","site-content-layout":"default","ast-main-header-display":"","ast-hfb-above-header-display":"","ast-hfb-below-header-display":"","ast-hfb-mobile-header-display":"","site-post-title":"","ast-breadcrumbs-content":"","ast-featured-img":"","footer-sml-layout":"","theme-transparent-header-meta":"","adv-header-id-meta":"","stick-header-meta":"","header-above-stick-meta":"","header-main-stick-meta":"","header-below-stick-meta":"","footnotes":""},"class_list":["post-80","page","type-page","status-publish","hentry"],"yoast_head":"<!-- This site is optimized with the Yoast SEO plugin v18.5.1 - https:\/\/yoast.com\/wordpress\/plugins\/seo\/ -->\n<title>Mentions l\u00e9gales - Wall Wave Research<\/title>\n<meta name=\"robots\" content=\"index, follow, max-snippet:-1, max-image-preview:large, max-video-preview:-1\" \/>\n<link rel=\"canonical\" href=\"https:\/\/wallwaveresearch.com\/index.php\/mentions-legales\/\" \/>\n<meta property=\"og:locale\" content=\"fr_FR\" \/>\n<meta property=\"og:type\" content=\"article\" \/>\n<meta property=\"og:title\" content=\"Mentions l\u00e9gales - Wall Wave Research\" \/>\n<meta property=\"og:description\" content=\"\u00c9dition du site Internet Le site wallwaveresearch.com (ci-apr\u00e8s \u00ab&nbsp;le Site&nbsp;\u00bb), accessible \u00e0 l\u2019adresse https:\/\/wallwaveresearch.com est \u00e9dit\u00e9 par (ci-apr\u00e8s \u00ab&nbsp;l\u2019Editeur&nbsp;\u00bb), dont l\u2019entreprise est situ\u00e9e 3 Av. Louis de Broglie, 33600 Pessac, France (contact@wallwaveresearch.com). SAS Wall Waves ResearchSiren : 910 930 122 00015 R\u00e9daction du site Internet Directrice de la publication : Louise Malassigne Contact : contact@wallwaveresearch.com &hellip; Mentions l\u00e9gales Lire la suite\u00a0\u00bb\" \/>\n<meta property=\"og:url\" content=\"https:\/\/wallwaveresearch.com\/index.php\/mentions-legales\/\" \/>\n<meta property=\"og:site_name\" content=\"Wall Wave Research\" \/>\n<meta property=\"article:modified_time\" content=\"2022-04-19T07:32:00+00:00\" \/>\n<meta name=\"twitter:card\" content=\"summary_large_image\" \/>\n<meta name=\"twitter:label1\" content=\"Dur\u00e9e de lecture estim\u00e9e\" \/>\n\t<meta name=\"twitter:data1\" content=\"4 minutes\" \/>\n<script type=\"application\/ld+json\" class=\"yoast-schema-graph\">{\"@context\":\"https:\/\/schema.org\",\"@graph\":[{\"@type\":\"WebSite\",\"@id\":\"https:\/\/wallwaveresearch.com\/#website\",\"url\":\"https:\/\/wallwaveresearch.com\/\",\"name\":\"Wall Wave Research\",\"description\":\"\",\"potentialAction\":[{\"@type\":\"SearchAction\",\"target\":{\"@type\":\"EntryPoint\",\"urlTemplate\":\"https:\/\/wallwaveresearch.com\/?s={search_term_string}\"},\"query-input\":\"required name=search_term_string\"}],\"inLanguage\":\"fr-FR\"},{\"@type\":\"WebPage\",\"@id\":\"https:\/\/wallwaveresearch.com\/index.php\/mentions-legales\/#webpage\",\"url\":\"https:\/\/wallwaveresearch.com\/index.php\/mentions-legales\/\",\"name\":\"Mentions l\u00e9gales - Wall Wave Research\",\"isPartOf\":{\"@id\":\"https:\/\/wallwaveresearch.com\/#website\"},\"datePublished\":\"2022-04-17T21:52:50+00:00\",\"dateModified\":\"2022-04-19T07:32:00+00:00\",\"breadcrumb\":{\"@id\":\"https:\/\/wallwaveresearch.com\/index.php\/mentions-legales\/#breadcrumb\"},\"inLanguage\":\"fr-FR\",\"potentialAction\":[{\"@type\":\"ReadAction\",\"target\":[\"https:\/\/wallwaveresearch.com\/index.php\/mentions-legales\/\"]}]},{\"@type\":\"BreadcrumbList\",\"@id\":\"https:\/\/wallwaveresearch.com\/index.php\/mentions-legales\/#breadcrumb\",\"itemListElement\":[{\"@type\":\"ListItem\",\"position\":1,\"name\":\"Accueil\",\"item\":\"https:\/\/wallwaveresearch.com\/\"},{\"@type\":\"ListItem\",\"position\":2,\"name\":\"Mentions l\u00e9gales\"}]}]}<\/script>\n<!-- \/ Yoast SEO plugin. -->","yoast_head_json":{"title":"Mentions l\u00e9gales - Wall Wave Research","robots":{"index":"index","follow":"follow","max-snippet":"max-snippet:-1","max-image-preview":"max-image-preview:large","max-video-preview":"max-video-preview:-1"},"canonical":"https:\/\/wallwaveresearch.com\/index.php\/mentions-legales\/","og_locale":"fr_FR","og_type":"article","og_title":"Mentions l\u00e9gales - Wall Wave Research","og_description":"\u00c9dition du site Internet Le site wallwaveresearch.com (ci-apr\u00e8s \u00ab&nbsp;le Site&nbsp;\u00bb), accessible \u00e0 l\u2019adresse https:\/\/wallwaveresearch.com est \u00e9dit\u00e9 par (ci-apr\u00e8s \u00ab&nbsp;l\u2019Editeur&nbsp;\u00bb), dont l\u2019entreprise est situ\u00e9e 3 Av. Louis de Broglie, 33600 Pessac, France (contact@wallwaveresearch.com). SAS Wall Waves ResearchSiren : 910 930 122 00015 R\u00e9daction du site Internet Directrice de la publication : Louise Malassigne Contact : contact@wallwaveresearch.com &hellip; Mentions l\u00e9gales Lire la suite\u00a0\u00bb","og_url":"https:\/\/wallwaveresearch.com\/index.php\/mentions-legales\/","og_site_name":"Wall Wave Research","article_modified_time":"2022-04-19T07:32:00+00:00","twitter_card":"summary_large_image","twitter_misc":{"Dur\u00e9e de lecture estim\u00e9e":"4 minutes"},"schema":{"@context":"https:\/\/schema.org","@graph":[{"@type":"WebSite","@id":"https:\/\/wallwaveresearch.com\/#website","url":"https:\/\/wallwaveresearch.com\/","name":"Wall Wave Research","description":"","potentialAction":[{"@type":"SearchAction","target":{"@type":"EntryPoint","urlTemplate":"https:\/\/wallwaveresearch.com\/?s={search_term_string}"},"query-input":"required name=search_term_string"}],"inLanguage":"fr-FR"},{"@type":"WebPage","@id":"https:\/\/wallwaveresearch.com\/index.php\/mentions-legales\/#webpage","url":"https:\/\/wallwaveresearch.com\/index.php\/mentions-legales\/","name":"Mentions l\u00e9gales - Wall Wave Research","isPartOf":{"@id":"https:\/\/wallwaveresearch.com\/#website"},"datePublished":"2022-04-17T21:52:50+00:00","dateModified":"2022-04-19T07:32:00+00:00","breadcrumb":{"@id":"https:\/\/wallwaveresearch.com\/index.php\/mentions-legales\/#breadcrumb"},"inLanguage":"fr-FR","potentialAction":[{"@type":"ReadAction","target":["https:\/\/wallwaveresearch.com\/index.php\/mentions-legales\/"]}]},{"@type":"BreadcrumbList","@id":"https:\/\/wallwaveresearch.com\/index.php\/mentions-legales\/#breadcrumb","itemListElement":[{"@type":"ListItem","position":1,"name":"Accueil","item":"https:\/\/wallwaveresearch.com\/"},{"@type":"ListItem","position":2,"name":"Mentions l\u00e9gales"}]}]}},"_links":{"self":[{"href":"https:\/\/wallwaveresearch.com\/index.php\/wp-json\/wp\/v2\/pages\/80","targetHints":{"allow":["GET"]}}],"collection":[{"href":"https:\/\/wallwaveresearch.com\/index.php\/wp-json\/wp\/v2\/pages"}],"about":[{"href":"https:\/\/wallwaveresearch.com\/index.php\/wp-json\/wp\/v2\/types\/page"}],"author":[{"embeddable":true,"href":"https:\/\/wallwaveresearch.com\/index.php\/wp-json\/wp\/v2\/users\/1"}],"replies":[{"embeddable":true,"href":"https:\/\/wallwaveresearch.com\/index.php\/wp-json\/wp\/v2\/comments?post=80"}],"version-history":[{"count":2,"href":"https:\/\/wallwaveresearch.com\/index.php\/wp-json\/wp\/v2\/pages\/80\/revisions"}],"predecessor-version":[{"id":117,"href":"https:\/\/wallwaveresearch.com\/index.php\/wp-json\/wp\/v2\/pages\/80\/revisions\/117"}],"wp:attachment":[{"href":"https:\/\/wallwaveresearch.com\/index.php\/wp-json\/wp\/v2\/media?parent=80"}],"curies":[{"name":"wp","href":"https:\/\/api.w.org\/{rel}","templated":true}]}}