{"id":28,"date":"2022-04-17T21:55:35","date_gmt":"2022-04-17T19:55:35","guid":{"rendered":"http:\/\/wallwaveresearch.com\/?page_id=28"},"modified":"2022-04-19T09:15:53","modified_gmt":"2022-04-19T07:15:53","slug":"accueil","status":"publish","type":"page","link":"https:\/\/wallwaveresearch.com\/","title":{"rendered":"\u00c9crans LED immersifs sur mesure"},"content":{"rendered":"\n<div class=\"wp-block-columns alignwide are-vertically-aligned-center is-layout-flex wp-container-core-columns-is-layout-9d6595d7 wp-block-columns-is-layout-flex\">\n<div class=\"wp-block-column is-vertically-aligned-center is-layout-flow wp-block-column-is-layout-flow\">\n<h2 class=\"has-x-large-font-size wp-block-heading\">Augmentez vos espaces gr\u00e2ce \u00e0 la technologie LED <\/h2>\n\n\n\n<p>Nous proposons \u00e0 la location et \u00e0 la vente des solutions d&rsquo;\u00e9crans LED derni\u00e8re g\u00e9n\u00e9ration et sur-mesure.<\/p>\n\n\n\n<h3 class=\"wp-block-heading\">Vous souhaitez suivre nos actualit\u00e9s ?<\/h3>\n\n\n<div class=\"forminator-ui forminator-custom-form forminator-custom-form-99 forminator-design--material  forminator_ajax\" data-forminator-render=\"0\" data-form=\"forminator-module-99\"><br\/><\/div><form\n\t\t\t\tid=\"forminator-module-99\"\n\t\t\t\tclass=\"forminator-ui forminator-custom-form forminator-custom-form-99 forminator-design--material  forminator_ajax\"\n\t\t\t\tmethod=\"post\"\n\t\t\t\tdata-forminator-render=\"0\"\n\t\t\t\tdata-form-id=\"99\"\n\t\t\t\t\n\t\t\t\tdata-design=\"material\"\n\t\t\t\t\n\t\t\t\t\n\t\t\t\t\n\t\t\t\tdata-grid=\"open\"\n\t\t\t\t\n\t\t\t\t\n\t\t\t\tstyle=\"display: none;\"\n\t\t\t><div class=\"forminator-response-message forminator-error\" aria-hidden=\"true\"><\/div><div class=\"forminator-row\"><div id=\"name-1\" class=\"forminator-col forminator-col-12 \"><div class=\"forminator-field\"><label for=\"forminator-field-name-1\" class=\"forminator-label\">Pr\u00e9nom <span class=\"forminator-required\">*<\/span><\/label><input type=\"text\" name=\"name-1\" value=\"\" placeholder=\"Par exemple\u00a0: Jean\" id=\"forminator-field-name-1\" class=\"forminator-input forminator-name--field\" aria-required=\"true\" \/><\/div><\/div><\/div><div class=\"forminator-row\"><div id=\"email-1\" class=\"forminator-col forminator-col-12 \"><div class=\"forminator-field\"><label for=\"forminator-field-email-1\" class=\"forminator-label\">Adresse de messagerie <span class=\"forminator-required\">*<\/span><\/label><input type=\"email\" name=\"email-1\" value=\"\" placeholder=\"Par exemple\u00a0: jacques@martin.com\" id=\"forminator-field-email-1\" class=\"forminator-input forminator-email--field\" data-required=\"true\" aria-required=\"true\" \/><\/div><\/div><\/div><div class=\"forminator-row\"><div id=\"captcha-1\" class=\"forminator-col forminator-col-12 \"><div class=\"forminator-g-recaptcha\" data-theme=\"dark\"  data-sitekey=\"6LfYXX8fAAAAAEqG48uEftohJ-GB2gHkb2WIDCkJ\" data-size=\"normal\"><\/div> <\/div><\/div><input type=\"hidden\" name=\"referer_url\" value=\"\" \/><div class=\"forminator-row forminator-row-last\"><div class=\"forminator-col\"><div class=\"forminator-field\"><button class=\"forminator-button forminator-button-submit\"><span>Je souhaite recevoir les derni&egrave;res actualit&eacute;s<\/span><span aria-hidden=\"true\"><\/span><\/button><\/div><\/div><\/div><input type=\"hidden\" id=\"forminator_nonce\" name=\"forminator_nonce\" value=\"7a99c2d4bc\" \/><input type=\"hidden\" name=\"_wp_http_referer\" value=\"\/index.php\/wp-json\/wp\/v2\/pages\/28\" \/><input type=\"hidden\" name=\"form_id\" value=\"99\"><input type=\"hidden\" name=\"page_id\" value=\"28\"><input type=\"hidden\" name=\"form_type\" value=\"default\"><input type=\"hidden\" name=\"current_url\" value=\"https:\/\/wallwaveresearch.com\/wp-json\/wp\/v2\/pages\/28\/\"><input type=\"hidden\" name=\"render_id\" value=\"0\"><input type=\"hidden\" name=\"action\" value=\"forminator_submit_form_custom-forms\"><\/form>\n\n\n\n<div class=\"wp-block-buttons is-layout-flex wp-block-buttons-is-layout-flex\"><\/div>\n<\/div>\n\n\n\n<div class=\"wp-block-column is-vertically-aligned-center is-layout-flow wp-block-column-is-layout-flow\">\n<figure class=\"wp-block-image size-full\"><img loading=\"lazy\" decoding=\"async\" width=\"595\" height=\"288\" src=\"http:\/\/wallwaveresearch.com\/wp-content\/uploads\/2022\/04\/Group-51.png\" alt=\"\" class=\"wp-image-34\" srcset=\"https:\/\/wallwaveresearch.com\/wp-content\/uploads\/2022\/04\/Group-51.png 595w, https:\/\/wallwaveresearch.com\/wp-content\/uploads\/2022\/04\/Group-51-300x145.png 300w\" sizes=\"auto, (max-width: 595px) 100vw, 595px\" \/><\/figure>\n\n\n\n<figure class=\"wp-block-video\"><video height=\"1080\" style=\"aspect-ratio: 1920 \/ 1080;\" width=\"1920\" controls src=\"https:\/\/wallwaveresearch.com\/wp-content\/uploads\/2022\/04\/film-W-corrige.mp4\"><\/video><\/figure>\n<\/div>\n<\/div>\n\n\n\n<div style=\"height:100px\" aria-hidden=\"true\" class=\"wp-block-spacer\"><\/div>\n\n\n\n<div class=\"wp-block-columns alignwide are-vertically-aligned-center is-layout-flex wp-container-core-columns-is-layout-9d6595d7 wp-block-columns-is-layout-flex\">\n<div class=\"wp-block-column is-vertically-aligned-center is-layout-flow wp-block-column-is-layout-flow\">\n<h3 class=\"has-large-font-size wp-block-heading\">Un \u00e9quipement unique, des applications multiples<\/h3>\n\n\n\n<div style=\"height:20px\" aria-hidden=\"true\" class=\"wp-block-spacer\"><\/div>\n\n\n\n<div class=\"wp-block-columns alignwide is-layout-flex wp-container-core-columns-is-layout-9d6595d7 wp-block-columns-is-layout-flex\">\n<div class=\"wp-block-column is-layout-flow wp-block-column-is-layout-flow\">\n<div class=\"wp-block-image\"><figure class=\"alignleft size-large\"><img loading=\"lazy\" decoding=\"async\" width=\"1024\" height=\"768\" src=\"http:\/\/wallwaveresearch.com\/wp-content\/uploads\/2022\/04\/ECRAN3-1024x768.jpg\" alt=\"\" class=\"wp-image-83\" srcset=\"https:\/\/wallwaveresearch.com\/wp-content\/uploads\/2022\/04\/ECRAN3-1024x768.jpg 1024w, https:\/\/wallwaveresearch.com\/wp-content\/uploads\/2022\/04\/ECRAN3-300x225.jpg 300w, https:\/\/wallwaveresearch.com\/wp-content\/uploads\/2022\/04\/ECRAN3-768x576.jpg 768w, https:\/\/wallwaveresearch.com\/wp-content\/uploads\/2022\/04\/ECRAN3.jpg 1500w\" sizes=\"auto, (max-width: 1024px) 100vw, 1024px\" \/><\/figure><\/div>\n\n\n\n<h4 class=\"has-text-align-left wp-block-heading\">D\u00e9coration immersive<\/h4>\n\n\n\n<p>Pour une d\u00e9coration dynamique et immersive, l\u2019\u00e9cran LED WWR se configure pour int\u00e9grer tous les espaces et toutes les configurations d\u2019\u00e9clairages.<\/p>\n<\/div>\n\n\n\n<div class=\"wp-block-column is-layout-flow wp-block-column-is-layout-flow\">\n<div class=\"wp-block-image\"><figure class=\"alignleft size-large\"><img loading=\"lazy\" decoding=\"async\" width=\"1024\" height=\"762\" src=\"http:\/\/wallwaveresearch.com\/wp-content\/uploads\/2022\/04\/DJOBIDJOBAR-NUIT-3-1-1024x762.jpg\" alt=\"\" class=\"wp-image-88\" srcset=\"https:\/\/wallwaveresearch.com\/wp-content\/uploads\/2022\/04\/DJOBIDJOBAR-NUIT-3-1-1024x762.jpg 1024w, https:\/\/wallwaveresearch.com\/wp-content\/uploads\/2022\/04\/DJOBIDJOBAR-NUIT-3-1-300x223.jpg 300w, https:\/\/wallwaveresearch.com\/wp-content\/uploads\/2022\/04\/DJOBIDJOBAR-NUIT-3-1-768x571.jpg 768w, https:\/\/wallwaveresearch.com\/wp-content\/uploads\/2022\/04\/DJOBIDJOBAR-NUIT-3-1.jpg 1512w\" sizes=\"auto, (max-width: 1024px) 100vw, 1024px\" \/><\/figure><\/div>\n\n\n\n<h4 class=\"has-text-align-left wp-block-heading\">Loisirs<\/h4>\n\n\n\n<p>Pour un \u00e9v\u00e9nement sportif, culturel ou tout autre rassemblement, l\u2019\u00e9cran LED WWR sur mesure s\u2019adapte \u00e0 toutes les surfaces en int\u00e9rieur et en ext\u00e9rieur.<\/p>\n<\/div>\n\n\n\n<div class=\"wp-block-column is-layout-flow wp-block-column-is-layout-flow\">\n<div class=\"wp-block-image\"><figure class=\"alignleft size-large\"><img loading=\"lazy\" decoding=\"async\" width=\"1024\" height=\"768\" src=\"http:\/\/wallwaveresearch.com\/wp-content\/uploads\/2022\/04\/Dassault-3-1024x768.jpg\" alt=\"\" class=\"wp-image-86\" srcset=\"https:\/\/wallwaveresearch.com\/wp-content\/uploads\/2022\/04\/Dassault-3-1024x768.jpg 1024w, https:\/\/wallwaveresearch.com\/wp-content\/uploads\/2022\/04\/Dassault-3-300x225.jpg 300w, https:\/\/wallwaveresearch.com\/wp-content\/uploads\/2022\/04\/Dassault-3-768x576.jpg 768w, https:\/\/wallwaveresearch.com\/wp-content\/uploads\/2022\/04\/Dassault-3.jpg 1500w\" sizes=\"auto, (max-width: 1024px) 100vw, 1024px\" \/><\/figure><\/div>\n\n\n\n<h4 class=\"has-text-align-left wp-block-heading\">Information et communication<\/h4>\n\n\n\n<p>Pour informer et faire vivre une exp\u00e9rience unique \u00e0 vos clients ou \u00e0 votre public, l\u2019\u00e9cran LED de mani\u00e8re \u00e0 ce qu&rsquo;il se fonde dans tous les espaces et dans toutes les configurations d\u2019\u00e9clairages.<\/p>\n<\/div>\n<\/div>\n\n\n\n<div class=\"wp-block-buttons is-layout-flex wp-block-buttons-is-layout-flex\"><\/div>\n<\/div>\n<\/div>\n\n\n\n<div style=\"height:100px\" aria-hidden=\"true\" class=\"wp-block-spacer\"><\/div>\n\n\n\n<h3 class=\"has-text-align-center wp-block-heading\">Wall Wave Research s&rsquo;engage \u00e0 fournir des produits de qualit\u00e9 sup\u00e9rieure et des services d&rsquo;assistance \u00e0 vie.<\/h3>\n\n\n\n<div style=\"height:100px\" aria-hidden=\"true\" class=\"wp-block-spacer\"><\/div>\n\n\n\n<div class=\"wp-block-columns alignwide are-vertically-aligned-center is-layout-flex wp-container-core-columns-is-layout-9d6595d7 wp-block-columns-is-layout-flex\">\n<div class=\"wp-block-column is-vertically-aligned-center has-background is-layout-flow wp-block-column-is-layout-flow\" style=\"background-color:#4e8ef1\">\n<h4 class=\"has-text-align-center promo-title wp-block-heading\">Nos solutions sont livr\u00e9es pr\u00eates \u00e0 l&#8217;emploi<\/h4>\n<\/div>\n\n\n\n<div class=\"wp-block-column is-vertically-aligned-center has-background is-layout-flow wp-block-column-is-layout-flow\" style=\"background-color:#0337bc\">\n<h4 class=\"has-text-align-center promo-title wp-block-heading\">Nos \u00e9quipements sont fabriqu\u00e9s sur mesure<\/h4>\n<\/div>\n\n\n\n<div class=\"wp-block-column is-vertically-aligned-center has-black-background-color has-background is-layout-flow wp-block-column-is-layout-flow\">\n<h4 class=\"has-text-align-center promo-title wp-block-heading\">Plus de 1500m\u00b2 disponibles d\u00e8s maintenant<\/h4>\n<\/div>\n<\/div>\n\n\n\n<div style=\"height:100px\" aria-hidden=\"true\" class=\"wp-block-spacer\"><\/div>\n\n\n\n<h2 class=\"wp-block-heading\">Demandez un devis gratuitement<\/h2>\n\n\n\n<p>Nos \u00e9quipes traiteront votre demande dans les plus brefs d\u00e9lais.<\/p>\n\n\n<div class=\"forminator-ui forminator-custom-form forminator-custom-form-93 forminator-design--material  forminator_ajax\" data-forminator-render=\"0\" data-form=\"forminator-module-93\"><br\/><\/div><form\n\t\t\t\tid=\"forminator-module-93\"\n\t\t\t\tclass=\"forminator-ui forminator-custom-form forminator-custom-form-93 forminator-design--material  forminator_ajax\"\n\t\t\t\tmethod=\"post\"\n\t\t\t\tdata-forminator-render=\"0\"\n\t\t\t\tdata-form-id=\"93\"\n\t\t\t\t\n\t\t\t\tdata-design=\"material\"\n\t\t\t\t\n\t\t\t\t\n\t\t\t\t\n\t\t\t\tdata-grid=\"open\"\n\t\t\t\t\n\t\t\t\t\n\t\t\t\tstyle=\"display: none;\"\n\t\t\t><div class=\"forminator-response-message forminator-error\" aria-hidden=\"true\"><\/div><div class=\"forminator-row\"><div id=\"checkbox-1\" class=\"forminator-col forminator-col-12 \"><div role=\"group\" class=\"forminator-field\" aria-labelledby=\"forminator-checkbox-group-69e18e288d3a0-label\"><h4 id=\"forminator-checkbox-group-69e18e288d3a0-label\" class=\"forminator-label\">Services<\/h4><label for=\"forminator-field-checkbox-1-1-69e18e288d3a0\" class=\"forminator-checkbox forminator-checkbox-inline\" title=\"Achat Indoor\"><input type=\"checkbox\" name=\"checkbox-1[]\" value=\"Achat-Indoor\" id=\"forminator-field-checkbox-1-1-69e18e288d3a0\" data-calculation=\"0\"  \/><span class=\"forminator-checkbox-box\" aria-hidden=\"true\"><\/span><span class=\"forminator-checkbox-label\">Achat Indoor<\/span><\/label><label for=\"forminator-field-checkbox-1-2-69e18e288d3a0\" class=\"forminator-checkbox forminator-checkbox-inline\" title=\"Achat Outdoor\"><input type=\"checkbox\" name=\"checkbox-1[]\" value=\"Achat-Outdoor\" id=\"forminator-field-checkbox-1-2-69e18e288d3a0\" data-calculation=\"0\"  \/><span class=\"forminator-checkbox-box\" aria-hidden=\"true\"><\/span><span class=\"forminator-checkbox-label\">Achat Outdoor<\/span><\/label><label for=\"forminator-field-checkbox-1-3-69e18e288d3a0\" class=\"forminator-checkbox forminator-checkbox-inline\" title=\"Location Indoor\"><input type=\"checkbox\" name=\"checkbox-1[]\" value=\"Location-Indoor\" id=\"forminator-field-checkbox-1-3-69e18e288d3a0\" data-calculation=\"0\"  \/><span class=\"forminator-checkbox-box\" aria-hidden=\"true\"><\/span><span class=\"forminator-checkbox-label\">Location Indoor<\/span><\/label><label for=\"forminator-field-checkbox-1-4-69e18e288d3a0\" class=\"forminator-checkbox forminator-checkbox-inline\" title=\"Location Outdoor\"><input type=\"checkbox\" name=\"checkbox-1[]\" value=\"Location-Outdoor\" id=\"forminator-field-checkbox-1-4-69e18e288d3a0\" data-calculation=\"0\"  \/><span class=\"forminator-checkbox-box\" aria-hidden=\"true\"><\/span><span class=\"forminator-checkbox-label\">Location Outdoor<\/span><\/label><\/div><\/div><\/div><div class=\"forminator-row\"><div id=\"name-1\" class=\"forminator-col forminator-col-12 \"><div class=\"forminator-row\" data-multiple=\"true\"><div class=\"forminator-col forminator-col-12\"><div class=\"forminator-field\"><label for=\"forminator-field-first-name-1\" class=\"forminator-label\">Pr\u00e9nom <span class=\"forminator-required\">*<\/span><\/label><input type=\"text\" name=\"name-1-first-name\" placeholder=\"Par exemple\u00a0: Jean\" id=\"forminator-field-first-name-1\" class=\"forminator-input\" aria-required=\"true\" data-multi=\"1\" value=\"\" \/><\/div><\/div><\/div><div class=\"forminator-row\" data-multiple=\"true\"><div class=\"forminator-col forminator-col-12\"><div class=\"forminator-field\"><label for=\"forminator-field-last-name-1\" class=\"forminator-label\">Nom de famille <span class=\"forminator-required\">*<\/span><\/label><input type=\"text\" name=\"name-1-last-name\" placeholder=\"Par exemple\u00a0: Durand\" id=\"forminator-field-last-name-1\" class=\"forminator-input\" aria-required=\"true\" data-multi=\"1\" value=\"\" \/><\/div><\/div><\/div><\/div><\/div><div class=\"forminator-row\"><div id=\"email-1\" class=\"forminator-col forminator-col-12 \"><div class=\"forminator-field\"><label for=\"forminator-field-email-1\" class=\"forminator-label\">Adresse de messagerie <span class=\"forminator-required\">*<\/span><\/label><input type=\"email\" name=\"email-1\" value=\"\" placeholder=\"Par exemple\u00a0: jacques@martin.com\" id=\"forminator-field-email-1\" class=\"forminator-input forminator-email--field\" data-required=\"true\" aria-required=\"true\" \/><\/div><\/div><\/div><div class=\"forminator-row\"><div id=\"phone-1\" class=\"forminator-col forminator-col-12 \"><div class=\"forminator-field\"><label for=\"forminator-field-phone-1\" class=\"forminator-label\">Num\u00e9ro de t\u00e9l\u00e9phone <span class=\"forminator-required\">*<\/span><\/label><input type=\"text\" name=\"phone-1\" value=\"\" placeholder=\"Par exemple\u00a0: +1 02 03 04 05\" id=\"forminator-field-phone-1\" class=\"forminator-input forminator-field--phone\" data-required=\"1\" aria-required=\"true\" autocomplete=\"off\" data-validation=\"1\" \/><\/div><\/div><\/div><div class=\"forminator-row\"><div id=\"captcha-1\" class=\"forminator-col forminator-col-12 \"><div class=\"forminator-g-recaptcha\" data-theme=\"dark\"  data-sitekey=\"6LfYXX8fAAAAAEqG48uEftohJ-GB2gHkb2WIDCkJ\" data-size=\"normal\"><\/div> <\/div><\/div><input type=\"hidden\" name=\"referer_url\" value=\"\" \/><div class=\"forminator-row forminator-row-last\"><div class=\"forminator-col\"><div class=\"forminator-field\"><button class=\"forminator-button forminator-button-submit\"><span>Demander un devis<\/span><span aria-hidden=\"true\"><\/span><\/button><\/div><\/div><\/div><input type=\"hidden\" id=\"forminator_nonce\" name=\"forminator_nonce\" value=\"7a99c2d4bc\" \/><input type=\"hidden\" name=\"_wp_http_referer\" value=\"\/index.php\/wp-json\/wp\/v2\/pages\/28\" \/><input type=\"hidden\" name=\"form_id\" value=\"93\"><input type=\"hidden\" name=\"page_id\" value=\"28\"><input type=\"hidden\" name=\"form_type\" value=\"default\"><input type=\"hidden\" name=\"current_url\" value=\"https:\/\/wallwaveresearch.com\/wp-json\/wp\/v2\/pages\/28\/\"><input type=\"hidden\" name=\"render_id\" value=\"0\"><input type=\"hidden\" name=\"action\" value=\"forminator_submit_form_custom-forms\"><\/form>\n\n\n\n<div class=\"wp-block-buttons is-layout-flex wp-block-buttons-is-layout-flex\"><\/div>\n","protected":false},"excerpt":{"rendered":"<p>Augmentez vos espaces gr\u00e2ce \u00e0 la technologie LED Nous proposons \u00e0 la location et \u00e0 la vente des solutions d&rsquo;\u00e9crans LED derni\u00e8re g\u00e9n\u00e9ration et sur-mesure. Vous souhaitez suivre nos actualit\u00e9s ? Un \u00e9quipement unique, des applications multiples D\u00e9coration immersive Pour une d\u00e9coration dynamique et immersive, l\u2019\u00e9cran LED WWR se configure pour int\u00e9grer tous les espaces &hellip;<\/p>\n<p class=\"read-more\"> <a class=\"\" href=\"https:\/\/wallwaveresearch.com\/\"> <span class=\"screen-reader-text\">\u00c9crans LED immersifs sur mesure<\/span> Lire la suite\u00a0\u00bb<\/a><\/p>\n","protected":false},"author":1,"featured_media":0,"parent":0,"menu_order":0,"comment_status":"closed","ping_status":"closed","template":"","meta":{"site-sidebar-layout":"default","site-content-layout":"default","ast-main-header-display":"","ast-hfb-above-header-display":"","ast-hfb-below-header-display":"","ast-hfb-mobile-header-display":"","site-post-title":"","ast-breadcrumbs-content":"","ast-featured-img":"","footer-sml-layout":"","theme-transparent-header-meta":"","adv-header-id-meta":"","stick-header-meta":"","header-above-stick-meta":"","header-main-stick-meta":"","header-below-stick-meta":"","footnotes":""},"class_list":["post-28","page","type-page","status-publish","hentry"],"yoast_head":"<!-- This site is optimized with the Yoast SEO plugin v18.5.1 - https:\/\/yoast.com\/wordpress\/plugins\/seo\/ -->\n<title>\u00c9crans LED immersifs sur mesure - Wall Wave Research<\/title>\n<meta name=\"robots\" content=\"index, follow, max-snippet:-1, max-image-preview:large, max-video-preview:-1\" \/>\n<link rel=\"canonical\" href=\"https:\/\/wallwaveresearch.com\/\" \/>\n<meta property=\"og:locale\" content=\"fr_FR\" \/>\n<meta property=\"og:type\" content=\"article\" \/>\n<meta property=\"og:title\" content=\"\u00c9crans LED immersifs sur mesure - Wall Wave Research\" \/>\n<meta property=\"og:description\" content=\"Augmentez vos espaces gr\u00e2ce \u00e0 la technologie LED Nous proposons \u00e0 la location et \u00e0 la vente des solutions d&rsquo;\u00e9crans LED derni\u00e8re g\u00e9n\u00e9ration et sur-mesure. Vous souhaitez suivre nos actualit\u00e9s ? Un \u00e9quipement unique, des applications multiples D\u00e9coration immersive Pour une d\u00e9coration dynamique et immersive, l\u2019\u00e9cran LED WWR se configure pour int\u00e9grer tous les espaces &hellip; \u00c9crans LED immersifs sur mesure Lire la suite\u00a0\u00bb\" \/>\n<meta property=\"og:url\" content=\"https:\/\/wallwaveresearch.com\/\" \/>\n<meta property=\"og:site_name\" content=\"Wall Wave Research\" \/>\n<meta property=\"article:modified_time\" content=\"2022-04-19T07:15:53+00:00\" \/>\n<meta property=\"og:image\" content=\"http:\/\/wallwaveresearch.com\/wp-content\/uploads\/2022\/04\/Group-51.png\" \/>\n<meta name=\"twitter:card\" content=\"summary_large_image\" \/>\n<meta name=\"twitter:label1\" content=\"Dur\u00e9e de lecture estim\u00e9e\" \/>\n\t<meta name=\"twitter:data1\" content=\"2 minutes\" \/>\n<script type=\"application\/ld+json\" class=\"yoast-schema-graph\">{\"@context\":\"https:\/\/schema.org\",\"@graph\":[{\"@type\":\"WebSite\",\"@id\":\"https:\/\/wallwaveresearch.com\/#website\",\"url\":\"https:\/\/wallwaveresearch.com\/\",\"name\":\"Wall Wave Research\",\"description\":\"\",\"potentialAction\":[{\"@type\":\"SearchAction\",\"target\":{\"@type\":\"EntryPoint\",\"urlTemplate\":\"https:\/\/wallwaveresearch.com\/?s={search_term_string}\"},\"query-input\":\"required name=search_term_string\"}],\"inLanguage\":\"fr-FR\"},{\"@type\":\"ImageObject\",\"@id\":\"https:\/\/wallwaveresearch.com\/#primaryimage\",\"inLanguage\":\"fr-FR\",\"url\":\"http:\/\/wallwaveresearch.com\/wp-content\/uploads\/2022\/04\/Group-51.png\",\"contentUrl\":\"http:\/\/wallwaveresearch.com\/wp-content\/uploads\/2022\/04\/Group-51.png\"},{\"@type\":\"WebPage\",\"@id\":\"https:\/\/wallwaveresearch.com\/#webpage\",\"url\":\"https:\/\/wallwaveresearch.com\/\",\"name\":\"\u00c9crans LED immersifs sur mesure - Wall Wave Research\",\"isPartOf\":{\"@id\":\"https:\/\/wallwaveresearch.com\/#website\"},\"primaryImageOfPage\":{\"@id\":\"https:\/\/wallwaveresearch.com\/#primaryimage\"},\"datePublished\":\"2022-04-17T19:55:35+00:00\",\"dateModified\":\"2022-04-19T07:15:53+00:00\",\"breadcrumb\":{\"@id\":\"https:\/\/wallwaveresearch.com\/#breadcrumb\"},\"inLanguage\":\"fr-FR\",\"potentialAction\":[{\"@type\":\"ReadAction\",\"target\":[\"https:\/\/wallwaveresearch.com\/\"]}]},{\"@type\":\"BreadcrumbList\",\"@id\":\"https:\/\/wallwaveresearch.com\/#breadcrumb\",\"itemListElement\":[{\"@type\":\"ListItem\",\"position\":1,\"name\":\"Accueil\",\"item\":\"https:\/\/wallwaveresearch.com\/\"},{\"@type\":\"ListItem\",\"position\":2,\"name\":\"\u00c9crans LED immersifs sur mesure\"}]}]}<\/script>\n<!-- \/ Yoast SEO plugin. -->","yoast_head_json":{"title":"\u00c9crans LED immersifs sur mesure - Wall Wave Research","robots":{"index":"index","follow":"follow","max-snippet":"max-snippet:-1","max-image-preview":"max-image-preview:large","max-video-preview":"max-video-preview:-1"},"canonical":"https:\/\/wallwaveresearch.com\/","og_locale":"fr_FR","og_type":"article","og_title":"\u00c9crans LED immersifs sur mesure - Wall Wave Research","og_description":"Augmentez vos espaces gr\u00e2ce \u00e0 la technologie LED Nous proposons \u00e0 la location et \u00e0 la vente des solutions d&rsquo;\u00e9crans LED derni\u00e8re g\u00e9n\u00e9ration et sur-mesure. Vous souhaitez suivre nos actualit\u00e9s ? Un \u00e9quipement unique, des applications multiples D\u00e9coration immersive Pour une d\u00e9coration dynamique et immersive, l\u2019\u00e9cran LED WWR se configure pour int\u00e9grer tous les espaces &hellip; \u00c9crans LED immersifs sur mesure Lire la suite\u00a0\u00bb","og_url":"https:\/\/wallwaveresearch.com\/","og_site_name":"Wall Wave Research","article_modified_time":"2022-04-19T07:15:53+00:00","og_image":[{"url":"http:\/\/wallwaveresearch.com\/wp-content\/uploads\/2022\/04\/Group-51.png"}],"twitter_card":"summary_large_image","twitter_misc":{"Dur\u00e9e de lecture estim\u00e9e":"2 minutes"},"schema":{"@context":"https:\/\/schema.org","@graph":[{"@type":"WebSite","@id":"https:\/\/wallwaveresearch.com\/#website","url":"https:\/\/wallwaveresearch.com\/","name":"Wall Wave Research","description":"","potentialAction":[{"@type":"SearchAction","target":{"@type":"EntryPoint","urlTemplate":"https:\/\/wallwaveresearch.com\/?s={search_term_string}"},"query-input":"required name=search_term_string"}],"inLanguage":"fr-FR"},{"@type":"ImageObject","@id":"https:\/\/wallwaveresearch.com\/#primaryimage","inLanguage":"fr-FR","url":"http:\/\/wallwaveresearch.com\/wp-content\/uploads\/2022\/04\/Group-51.png","contentUrl":"http:\/\/wallwaveresearch.com\/wp-content\/uploads\/2022\/04\/Group-51.png"},{"@type":"WebPage","@id":"https:\/\/wallwaveresearch.com\/#webpage","url":"https:\/\/wallwaveresearch.com\/","name":"\u00c9crans LED immersifs sur mesure - Wall Wave Research","isPartOf":{"@id":"https:\/\/wallwaveresearch.com\/#website"},"primaryImageOfPage":{"@id":"https:\/\/wallwaveresearch.com\/#primaryimage"},"datePublished":"2022-04-17T19:55:35+00:00","dateModified":"2022-04-19T07:15:53+00:00","breadcrumb":{"@id":"https:\/\/wallwaveresearch.com\/#breadcrumb"},"inLanguage":"fr-FR","potentialAction":[{"@type":"ReadAction","target":["https:\/\/wallwaveresearch.com\/"]}]},{"@type":"BreadcrumbList","@id":"https:\/\/wallwaveresearch.com\/#breadcrumb","itemListElement":[{"@type":"ListItem","position":1,"name":"Accueil","item":"https:\/\/wallwaveresearch.com\/"},{"@type":"ListItem","position":2,"name":"\u00c9crans LED immersifs sur mesure"}]}]}},"_links":{"self":[{"href":"https:\/\/wallwaveresearch.com\/index.php\/wp-json\/wp\/v2\/pages\/28","targetHints":{"allow":["GET"]}}],"collection":[{"href":"https:\/\/wallwaveresearch.com\/index.php\/wp-json\/wp\/v2\/pages"}],"about":[{"href":"https:\/\/wallwaveresearch.com\/index.php\/wp-json\/wp\/v2\/types\/page"}],"author":[{"embeddable":true,"href":"https:\/\/wallwaveresearch.com\/index.php\/wp-json\/wp\/v2\/users\/1"}],"replies":[{"embeddable":true,"href":"https:\/\/wallwaveresearch.com\/index.php\/wp-json\/wp\/v2\/comments?post=28"}],"version-history":[{"count":39,"href":"https:\/\/wallwaveresearch.com\/index.php\/wp-json\/wp\/v2\/pages\/28\/revisions"}],"predecessor-version":[{"id":113,"href":"https:\/\/wallwaveresearch.com\/index.php\/wp-json\/wp\/v2\/pages\/28\/revisions\/113"}],"wp:attachment":[{"href":"https:\/\/wallwaveresearch.com\/index.php\/wp-json\/wp\/v2\/media?parent=28"}],"curies":[{"name":"wp","href":"https:\/\/api.w.org\/{rel}","templated":true}]}}